{"id":1649,"date":"2025-06-20T15:44:17","date_gmt":"2025-06-20T18:44:17","guid":{"rendered":"https:\/\/www.brisanet.com.br\/ofertas-especiais\/?page_id=1649"},"modified":"2025-07-08T17:24:33","modified_gmt":"2025-07-08T20:24:33","slug":"fibra-solo-500mb-pago-25-usmedia","status":"publish","type":"page","link":"https:\/\/www.brisanet.com.br\/ofertas-especiais\/fibra-solo-500mb-pago-25-usmedia\/","title":{"rendered":"Fibra 500MB &#8211; US"},"content":{"rendered":"\t\t<div data-elementor-type=\"wp-page\" data-elementor-id=\"1649\" class=\"elementor elementor-1649\" data-elementor-post-type=\"page\">\n\t\t\t\t<div class=\"elementor-element elementor-element-0274eb7 e-flex e-con-boxed wpr-particle-no wpr-jarallax-no wpr-parallax-no wpr-sticky-section-no e-con e-parent\" data-id=\"0274eb7\" data-element_type=\"container\" data-settings=\"{&quot;background_background&quot;:&quot;classic&quot;}\">\n\t\t\t\t\t<div class=\"e-con-inner\">\n\t\t<div class=\"elementor-element elementor-element-2d35344 e-con-full e-flex wpr-particle-no wpr-jarallax-no wpr-parallax-no wpr-sticky-section-no e-con e-child\" data-id=\"2d35344\" data-element_type=\"container\">\n\t\t\t\t<div class=\"elementor-element elementor-element-d0a22dd elementor-widget elementor-widget-image\" data-id=\"d0a22dd\" data-element_type=\"widget\" data-widget_type=\"image.default\">\n\t\t\t\t\t\t\t\t\t\t\t\t\t\t\t<img decoding=\"async\" width=\"400\" height=\"72\" src=\"https:\/\/www.brisanet.com.br\/ofertas-especiais\/wp-content\/uploads\/2025\/03\/Logo-Brisa-Mobile-Trade.webp\" class=\"attachment-full size-full wp-image-684\" alt=\"\" srcset=\"https:\/\/www.brisanet.com.br\/ofertas-especiais\/wp-content\/uploads\/2025\/03\/Logo-Brisa-Mobile-Trade.webp 400w, https:\/\/www.brisanet.com.br\/ofertas-especiais\/wp-content\/uploads\/2025\/03\/Logo-Brisa-Mobile-Trade-300x54.webp 300w\" sizes=\"(max-width: 400px) 100vw, 400px\" \/>\t\t\t\t\t\t\t\t\t\t\t\t\t\t\t<\/div>\n\t\t<div class=\"elementor-element elementor-element-77a5bc2 e-con-full e-flex wpr-particle-no wpr-jarallax-no wpr-parallax-no wpr-sticky-section-no e-con e-child\" data-id=\"77a5bc2\" data-element_type=\"container\">\n\t\t\t\t<div class=\"elementor-element elementor-element-707a3df elementor-align-center elementor-widget__width-inherit elementor-hidden-mobile elementor-hidden-desktop elementor-hidden-tablet elementor-widget elementor-widget-button\" data-id=\"707a3df\" data-element_type=\"widget\" data-widget_type=\"button.default\">\n\t\t\t\t\t\t\t\t\t\t<a class=\"elementor-button elementor-button-link elementor-size-sm\" href=\"https:\/\/api.whatsapp.com\/send\/?phone=558881014035&#038;text=Ol%C3%A1!%20Vim%20pelo%20site%20da%20Brisanet%20e%20tenho%20interesse%20no%20plano%3A%20%40500-8499\">\n\t\t\t\t\t\t<span class=\"elementor-button-content-wrapper\">\n\t\t\t\t\t\t\t\t\t<span class=\"elementor-button-text\">Assine pelo Whats<\/span>\n\t\t\t\t\t<\/span>\n\t\t\t\t\t<\/a>\n\t\t\t\t\t\t\t\t<\/div>\n\t\t\t\t<div class=\"elementor-element elementor-element-38fc660 elementor-hidden-mobile elementor-widget elementor-widget-html\" data-id=\"38fc660\" data-element_type=\"widget\" data-widget_type=\"html.default\">\n\t\t\t\t\t<div class=\"elementor-element elementor-element-707a3df elementor-align-center elementor-widget__width-inherit elementor-hidden-mobile elementor-widget elementor-widget-button\" data-id=\"707a3df\" data-element_type=\"widget\" data-widget_type=\"button.default\">\r\n\t\t\t\t\t\t\t\t\t\t<a class=\"mundiale-open-whatsapp elementor-button elementor-button-link elementor-size-sm\" href=\"https:\/\/api.whatsapp.com\/send\/?phone=558881014035&text=Ol%C3%A1!%20Vim%20pelo%20site%20da%20Brisanet%20e%20tenho%20interesse%20no%20plano%3A%20%40500-8499\">\r\n\t\t\t\t\t\t<span class=\"elementor-button-content-wrapper\">\r\n\t\t\t\t\t\t\t\t\t<span class=\"elementor-button-text\">Assine pelo Whats<\/span>\r\n\t\t\t\t\t<\/span>\r\n\t\t\t\t\t<\/a>\r\n\t\t\t\t\t\t\t\t<\/div>\t\t\t\t<\/div>\n\t\t\t\t<div class=\"elementor-element elementor-element-d536f44 elementor-align-center elementor-widget__width-inherit elementor-hidden-mobile elementor-widget elementor-widget-button\" data-id=\"d536f44\" data-element_type=\"widget\" data-widget_type=\"button.default\">\n\t\t\t\t\t\t\t\t\t\t<a class=\"elementor-button elementor-button-link elementor-size-sm\" href=\"tel:0800%20287%203021\">\n\t\t\t\t\t\t<span class=\"elementor-button-content-wrapper\">\n\t\t\t\t\t\t\t\t\t<span class=\"elementor-button-text\">0800 287 3021<\/span>\n\t\t\t\t\t<\/span>\n\t\t\t\t\t<\/a>\n\t\t\t\t\t\t\t\t<\/div>\n\t\t\t\t<\/div>\n\t\t\t\t<\/div>\n\t\t<div class=\"elementor-element elementor-element-268ae40 e-con-full e-flex wpr-particle-no wpr-jarallax-no wpr-parallax-no wpr-sticky-section-no e-con e-child\" data-id=\"268ae40\" data-element_type=\"container\">\n\t\t\t\t<div class=\"elementor-element elementor-element-853de4c elementor-widget elementor-widget-image\" data-id=\"853de4c\" data-element_type=\"widget\" data-widget_type=\"image.default\">\n\t\t\t\t\t\t\t\t\t\t\t\t\t\t\t<img fetchpriority=\"high\" decoding=\"async\" width=\"500\" height=\"733\" src=\"https:\/\/www.brisanet.com.br\/ofertas-especiais\/wp-content\/uploads\/2025\/06\/500-84-99-1.png\" class=\"attachment-large size-large wp-image-1637\" alt=\"\" srcset=\"https:\/\/www.brisanet.com.br\/ofertas-especiais\/wp-content\/uploads\/2025\/06\/500-84-99-1.png 500w, https:\/\/www.brisanet.com.br\/ofertas-especiais\/wp-content\/uploads\/2025\/06\/500-84-99-1-205x300.png 205w\" sizes=\"(max-width: 500px) 100vw, 500px\" \/>\t\t\t\t\t\t\t\t\t\t\t\t\t\t\t<\/div>\n\t\t\t\t<div class=\"elementor-element elementor-element-00f9eec elementor-align-center elementor-widget__width-inherit elementor-hidden-desktop elementor-hidden-tablet elementor-hidden-mobile elementor-widget elementor-widget-button\" data-id=\"00f9eec\" data-element_type=\"widget\" data-widget_type=\"button.default\">\n\t\t\t\t\t\t\t\t\t\t<a class=\"elementor-button elementor-button-link elementor-size-sm\" href=\"https:\/\/wa.me\/558481676206?text=Ol%C3%A1!%20Tenho%20interesse%20na%20oferta.\">\n\t\t\t\t\t\t<span class=\"elementor-button-content-wrapper\">\n\t\t\t\t\t\t\t\t\t<span class=\"elementor-button-text\">Assine pelo Whats<\/span>\n\t\t\t\t\t<\/span>\n\t\t\t\t\t<\/a>\n\t\t\t\t\t\t\t\t<\/div>\n\t\t\t\t<div class=\"elementor-element elementor-element-3bd342b elementor-hidden-desktop elementor-hidden-tablet elementor-widget elementor-widget-html\" data-id=\"3bd342b\" data-element_type=\"widget\" data-widget_type=\"html.default\">\n\t\t\t\t\t<div class=\"elementor-element elementor-element-707a3df elementor-align-center elementor-widget__width-inherit elementor-hidden-mobile elementor-widget elementor-widget-button\" data-id=\"707a3df\" data-element_type=\"widget\" data-widget_type=\"button.default\">\r\n\t\t\t\t\t\t\t\t\t\t<a class=\"mundiale-open-whatsapp elementor-button elementor-button-link elementor-size-sm\" href=\"https:\/\/api.whatsapp.com\/send\/?phone=558881014035&text=Ol%C3%A1!%20Vim%20pelo%20site%20da%20Brisanet%20e%20tenho%20interesse%20no%20plano%3A%20%40500-8499\">\r\n\t\t\t\t\t\t<span class=\"elementor-button-content-wrapper\">\r\n\t\t\t\t\t\t\t\t\t<span class=\"elementor-button-text\">Assine pelo Whats<\/span>\r\n\t\t\t\t\t<\/span>\r\n\t\t\t\t\t<\/a>\r\n\t\t\t\t\t\t\t\t<\/div>\t\t\t\t<\/div>\n\t\t\t\t<div class=\"elementor-element elementor-element-84bef7e elementor-align-center elementor-widget__width-inherit elementor-hidden-desktop elementor-hidden-tablet elementor-widget elementor-widget-button\" data-id=\"84bef7e\" data-element_type=\"widget\" data-widget_type=\"button.default\">\n\t\t\t\t\t\t\t\t\t\t<a class=\"elementor-button elementor-button-link elementor-size-sm\" href=\"tel:0800%20287%203021\">\n\t\t\t\t\t\t<span class=\"elementor-button-content-wrapper\">\n\t\t\t\t\t\t\t\t\t<span class=\"elementor-button-text\">0800 287 3021<\/span>\n\t\t\t\t\t<\/span>\n\t\t\t\t\t<\/a>\n\t\t\t\t\t\t\t\t<\/div>\n\t\t\t\t<\/div>\n\t\t\t\t\t<\/div>\n\t\t\t\t<\/div>\n\t\t<div class=\"elementor-element elementor-element-a4c03c3 e-flex e-con-boxed wpr-particle-no wpr-jarallax-no wpr-parallax-no wpr-sticky-section-no e-con e-parent\" data-id=\"a4c03c3\" data-element_type=\"container\" data-settings=\"{&quot;background_background&quot;:&quot;classic&quot;}\">\n\t\t\t\t\t<div class=\"e-con-inner\">\n\t\t<div class=\"elementor-element elementor-element-bc8ed98 e-con-full e-flex wpr-particle-no wpr-jarallax-no wpr-parallax-no wpr-sticky-section-no e-con e-child\" data-id=\"bc8ed98\" data-element_type=\"container\">\n\t\t\t\t<div class=\"elementor-element elementor-element-a3b1ff7 elementor-widget elementor-widget-heading\" data-id=\"a3b1ff7\" data-element_type=\"widget\" data-widget_type=\"heading.default\">\n\t\t\t\t\t<p class=\"elementor-heading-title elementor-size-default\"><b>Nossos canais de atendimento<\/b><\/p>\t\t\t\t<\/div>\n\t\t\t\t<div class=\"elementor-element elementor-element-90f7ece elementor-widget elementor-widget-heading\" data-id=\"90f7ece\" data-element_type=\"widget\" data-widget_type=\"heading.default\">\n\t\t\t\t\t<p class=\"elementor-heading-title elementor-size-default\">Esses s\u00e3o nossos canais de telefone. Se preferir, <b>tamb\u00e9m ligamos para voc\u00ea<\/b>! <br> \nSAC <b>10517<\/b> \n\nOUVIDORIA <b>0800 281 4000<\/b><\/p>\t\t\t\t<\/div>\n\t\t\t\t<div class=\"elementor-element elementor-element-4942948 elementor-widget elementor-widget-heading\" data-id=\"4942948\" data-element_type=\"widget\" data-widget_type=\"heading.default\">\n\t\t\t\t\t<p class=\"elementor-heading-title elementor-size-default\">Oferta v\u00e1lida por 12 meses. No 13\u00ba m\u00eas, o valor da fibra ser\u00e1 de R$ 99,90. Consulte condi\u00e7\u00f5es e regulamento no site brisanet.com.br<\/p>\t\t\t\t<\/div>\n\t\t\t\t<\/div>\n\t\t\t\t\t<\/div>\n\t\t\t\t<\/div>\n\t\t<div class=\"elementor-element elementor-element-0206fed e-flex e-con-boxed wpr-particle-no wpr-jarallax-no wpr-parallax-no wpr-sticky-section-no e-con e-parent\" data-id=\"0206fed\" data-element_type=\"container\" data-settings=\"{&quot;background_background&quot;:&quot;classic&quot;}\">\n\t\t\t\t\t<div class=\"e-con-inner\">\n\t\t<div class=\"elementor-element elementor-element-c075f76 e-con-full e-flex wpr-particle-no wpr-jarallax-no wpr-parallax-no wpr-sticky-section-no e-con e-child\" data-id=\"c075f76\" data-element_type=\"container\">\n\t\t\t\t<div class=\"elementor-element elementor-element-03e497e elementor-widget elementor-widget-image\" data-id=\"03e497e\" data-element_type=\"widget\" data-widget_type=\"image.default\">\n\t\t\t\t\t\t\t\t\t\t\t\t\t\t\t<img decoding=\"async\" width=\"1024\" height=\"188\" src=\"https:\/\/www.brisanet.com.br\/ofertas-especiais\/wp-content\/uploads\/2025\/02\/Logo-da-brisanet-1024x188.png\" class=\"attachment-large size-large wp-image-247\" alt=\"\" srcset=\"https:\/\/www.brisanet.com.br\/ofertas-especiais\/wp-content\/uploads\/2025\/02\/Logo-da-brisanet-1024x188.png 1024w, https:\/\/www.brisanet.com.br\/ofertas-especiais\/wp-content\/uploads\/2025\/02\/Logo-da-brisanet-300x55.png 300w, https:\/\/www.brisanet.com.br\/ofertas-especiais\/wp-content\/uploads\/2025\/02\/Logo-da-brisanet-768x141.png 768w, https:\/\/www.brisanet.com.br\/ofertas-especiais\/wp-content\/uploads\/2025\/02\/Logo-da-brisanet-1536x281.png 1536w, https:\/\/www.brisanet.com.br\/ofertas-especiais\/wp-content\/uploads\/2025\/02\/Logo-da-brisanet.png 1845w\" sizes=\"(max-width: 1024px) 100vw, 1024px\" \/>\t\t\t\t\t\t\t\t\t\t\t\t\t\t\t<\/div>\n\t\t\t\t<\/div>\n\t\t<div class=\"elementor-element elementor-element-e828904 e-con-full e-flex wpr-particle-no wpr-jarallax-no wpr-parallax-no wpr-sticky-section-no e-con e-child\" data-id=\"e828904\" data-element_type=\"container\">\n\t\t\t\t<div class=\"elementor-element elementor-element-699ab1b elementor-widget elementor-widget-image\" data-id=\"699ab1b\" data-element_type=\"widget\" data-widget_type=\"image.default\">\n\t\t\t\t\t\t\t\t\t\t\t\t\t\t\t<img loading=\"lazy\" decoding=\"async\" width=\"64\" height=\"64\" src=\"https:\/\/www.brisanet.com.br\/ofertas-especiais\/wp-content\/uploads\/2025\/02\/m84zlfme7d.png\" class=\"attachment-large size-large wp-image-339\" alt=\"\" \/>\t\t\t\t\t\t\t\t\t\t\t\t\t\t\t<\/div>\n\t\t\t\t<div class=\"elementor-element elementor-element-9e9dcc9 elementor-widget elementor-widget-image\" data-id=\"9e9dcc9\" data-element_type=\"widget\" data-widget_type=\"image.default\">\n\t\t\t\t\t\t\t\t\t\t\t\t\t\t\t<img loading=\"lazy\" decoding=\"async\" width=\"64\" height=\"64\" src=\"https:\/\/www.brisanet.com.br\/ofertas-especiais\/wp-content\/uploads\/2025\/02\/mh6o83n64k.png\" class=\"attachment-large size-large wp-image-338\" alt=\"\" \/>\t\t\t\t\t\t\t\t\t\t\t\t\t\t\t<\/div>\n\t\t\t\t<\/div>\n\t\t<div class=\"elementor-element elementor-element-19e1eda e-con-full e-flex wpr-particle-no wpr-jarallax-no wpr-parallax-no wpr-sticky-section-no e-con e-child\" data-id=\"19e1eda\" data-element_type=\"container\">\n\t\t\t\t<div class=\"elementor-element elementor-element-0d56f3e elementor-widget elementor-widget-text-editor\" data-id=\"0d56f3e\" data-element_type=\"widget\" data-widget_type=\"text-editor.default\">\n\t\t\t\t\t\t\t\t\t<p><u><\/u><a title=\"null\" href=\"https:\/\/www.brisanet.com.br\/centro-de-privacidade?_gl=1*km1lnr*_ga*NDM0MjE0NjYzLjE2NDYyMzI2Mjc.*_ga_88SZEB9ST6*MTY4NDAxNjgzMC4xNTMuMC4xNjg0MDE2ODMwLjYwLjAuMA..\" target=\"null\" rel=\"noopener noreferrer\"><u>Central de Privacidade<\/u><\/a><\/p><p>2025 Brisanet &#8211; Todos os direitos reservados<\/p>\t\t\t\t\t\t\t\t<\/div>\n\t\t\t\t<\/div>\n\t\t\t\t\t<\/div>\n\t\t\t\t<\/div>\n\t\t\t\t<\/div>\n\t\t","protected":false},"excerpt":{"rendered":"<p>Assine pelo Whats Assine pelo Whats 0800 287 3021 Assine pelo Whats Assine pelo Whats 0800 287 3021 Nossos canais de atendimento Esses s\u00e3o nossos canais de telefone. Se preferir, tamb\u00e9m ligamos para voc\u00ea! SAC 10517 OUVIDORIA 0800 281 4000 Oferta v\u00e1lida por 12 meses. No 13\u00ba m\u00eas, o valor da fibra ser\u00e1 de R$ 99,90. Consulte condi\u00e7\u00f5es e regulamento no site brisanet.com.br Central de Privacidade 2025 Brisanet &#8211; Todos os direitos reservados<\/p>\n","protected":false},"author":2,"featured_media":0,"parent":0,"menu_order":0,"comment_status":"closed","ping_status":"closed","template":"elementor_canvas","meta":{"_eb_attr":"","om_disable_all_campaigns":false,"footnotes":""},"class_list":["post-1649","page","type-page","status-publish","hentry"],"yoast_head":"<!-- This site is optimized with the Yoast SEO plugin v24.5 - https:\/\/yoast.com\/wordpress\/plugins\/seo\/ -->\n<title>Fibra 500MB - US - Ofertas Especiais<\/title>\n<meta name=\"robots\" content=\"index, follow, max-snippet:-1, max-image-preview:large, max-video-preview:-1\" \/>\n<link rel=\"canonical\" href=\"https:\/\/www.brisanet.com.br\/ofertas-especiais\/fibra-solo-500mb-pago-25-usmedia\/\" \/>\n<meta property=\"og:locale\" content=\"pt_BR\" \/>\n<meta property=\"og:type\" content=\"article\" \/>\n<meta property=\"og:title\" content=\"Fibra 500MB - US - Ofertas Especiais\" \/>\n<meta property=\"og:description\" content=\"Assine pelo Whats Assine pelo Whats 0800 287 3021 Assine pelo Whats Assine pelo Whats 0800 287 3021 Nossos canais de atendimento Esses s\u00e3o nossos canais de telefone. Se preferir, tamb\u00e9m ligamos para voc\u00ea! SAC 10517 OUVIDORIA 0800 281 4000 Oferta v\u00e1lida por 12 meses. No 13\u00ba m\u00eas, o valor da fibra ser\u00e1 de R$ 99,90. Consulte condi\u00e7\u00f5es e regulamento no site brisanet.com.br Central de Privacidade 2025 Brisanet &#8211; Todos os direitos reservados\" \/>\n<meta property=\"og:url\" content=\"https:\/\/www.brisanet.com.br\/ofertas-especiais\/fibra-solo-500mb-pago-25-usmedia\/\" \/>\n<meta property=\"og:site_name\" content=\"Ofertas Especiais\" \/>\n<meta property=\"article:modified_time\" content=\"2025-07-08T20:24:33+00:00\" \/>\n<meta property=\"og:image\" content=\"https:\/\/www.brisanet.com.br\/ofertas-especiais\/wp-content\/uploads\/2025\/03\/Logo-Brisa-Mobile-Trade.webp\" \/>\n\t<meta property=\"og:image:width\" content=\"400\" \/>\n\t<meta property=\"og:image:height\" content=\"72\" \/>\n\t<meta property=\"og:image:type\" content=\"image\/webp\" \/>\n<meta name=\"twitter:card\" content=\"summary_large_image\" \/>\n<script type=\"application\/ld+json\" class=\"yoast-schema-graph\">{\"@context\":\"https:\/\/schema.org\",\"@graph\":[{\"@type\":\"WebPage\",\"@id\":\"https:\/\/www.brisanet.com.br\/ofertas-especiais\/fibra-solo-500mb-pago-25-usmedia\/\",\"url\":\"https:\/\/www.brisanet.com.br\/ofertas-especiais\/fibra-solo-500mb-pago-25-usmedia\/\",\"name\":\"Fibra 500MB - US - Ofertas Especiais\",\"isPartOf\":{\"@id\":\"https:\/\/www.brisanet.com.br\/ofertas-especiais\/#website\"},\"primaryImageOfPage\":{\"@id\":\"https:\/\/www.brisanet.com.br\/ofertas-especiais\/fibra-solo-500mb-pago-25-usmedia\/#primaryimage\"},\"image\":{\"@id\":\"https:\/\/www.brisanet.com.br\/ofertas-especiais\/fibra-solo-500mb-pago-25-usmedia\/#primaryimage\"},\"thumbnailUrl\":\"https:\/\/www.brisanet.com.br\/ofertas-especiais\/wp-content\/uploads\/2025\/03\/Logo-Brisa-Mobile-Trade.webp\",\"datePublished\":\"2025-06-20T18:44:17+00:00\",\"dateModified\":\"2025-07-08T20:24:33+00:00\",\"breadcrumb\":{\"@id\":\"https:\/\/www.brisanet.com.br\/ofertas-especiais\/fibra-solo-500mb-pago-25-usmedia\/#breadcrumb\"},\"inLanguage\":\"pt-BR\",\"potentialAction\":[{\"@type\":\"ReadAction\",\"target\":[\"https:\/\/www.brisanet.com.br\/ofertas-especiais\/fibra-solo-500mb-pago-25-usmedia\/\"]}]},{\"@type\":\"ImageObject\",\"inLanguage\":\"pt-BR\",\"@id\":\"https:\/\/www.brisanet.com.br\/ofertas-especiais\/fibra-solo-500mb-pago-25-usmedia\/#primaryimage\",\"url\":\"https:\/\/www.brisanet.com.br\/ofertas-especiais\/wp-content\/uploads\/2025\/03\/Logo-Brisa-Mobile-Trade.webp\",\"contentUrl\":\"https:\/\/www.brisanet.com.br\/ofertas-especiais\/wp-content\/uploads\/2025\/03\/Logo-Brisa-Mobile-Trade.webp\",\"width\":400,\"height\":72},{\"@type\":\"BreadcrumbList\",\"@id\":\"https:\/\/www.brisanet.com.br\/ofertas-especiais\/fibra-solo-500mb-pago-25-usmedia\/#breadcrumb\",\"itemListElement\":[{\"@type\":\"ListItem\",\"position\":1,\"name\":\"In\u00edcio\",\"item\":\"https:\/\/www.brisanet.com.br\/ofertas-especiais\/\"},{\"@type\":\"ListItem\",\"position\":2,\"name\":\"Fibra 500MB &#8211; US\"}]},{\"@type\":\"WebSite\",\"@id\":\"https:\/\/www.brisanet.com.br\/ofertas-especiais\/#website\",\"url\":\"https:\/\/www.brisanet.com.br\/ofertas-especiais\/\",\"name\":\"Ofertas Especiais\",\"description\":\"\",\"publisher\":{\"@id\":\"https:\/\/www.brisanet.com.br\/ofertas-especiais\/#organization\"},\"potentialAction\":[{\"@type\":\"SearchAction\",\"target\":{\"@type\":\"EntryPoint\",\"urlTemplate\":\"https:\/\/www.brisanet.com.br\/ofertas-especiais\/?s={search_term_string}\"},\"query-input\":{\"@type\":\"PropertyValueSpecification\",\"valueRequired\":true,\"valueName\":\"search_term_string\"}}],\"inLanguage\":\"pt-BR\"},{\"@type\":\"Organization\",\"@id\":\"https:\/\/www.brisanet.com.br\/ofertas-especiais\/#organization\",\"name\":\"Ofertas Especiais\",\"url\":\"https:\/\/www.brisanet.com.br\/ofertas-especiais\/\",\"logo\":{\"@type\":\"ImageObject\",\"inLanguage\":\"pt-BR\",\"@id\":\"https:\/\/www.brisanet.com.br\/ofertas-especiais\/#\/schema\/logo\/image\/\",\"url\":\"https:\/\/www.brisanet.com.br\/ofertas-especiais\/wp-content\/uploads\/2025\/02\/favicon-brisanet.webp\",\"contentUrl\":\"https:\/\/www.brisanet.com.br\/ofertas-especiais\/wp-content\/uploads\/2025\/02\/favicon-brisanet.webp\",\"width\":512,\"height\":512,\"caption\":\"Ofertas Especiais\"},\"image\":{\"@id\":\"https:\/\/www.brisanet.com.br\/ofertas-especiais\/#\/schema\/logo\/image\/\"}}]}<\/script>\n<!-- \/ Yoast SEO plugin. -->","yoast_head_json":{"title":"Fibra 500MB - US - Ofertas Especiais","robots":{"index":"index","follow":"follow","max-snippet":"max-snippet:-1","max-image-preview":"max-image-preview:large","max-video-preview":"max-video-preview:-1"},"canonical":"https:\/\/www.brisanet.com.br\/ofertas-especiais\/fibra-solo-500mb-pago-25-usmedia\/","og_locale":"pt_BR","og_type":"article","og_title":"Fibra 500MB - US - Ofertas Especiais","og_description":"Assine pelo Whats Assine pelo Whats 0800 287 3021 Assine pelo Whats Assine pelo Whats 0800 287 3021 Nossos canais de atendimento Esses s\u00e3o nossos canais de telefone. Se preferir, tamb\u00e9m ligamos para voc\u00ea! SAC 10517 OUVIDORIA 0800 281 4000 Oferta v\u00e1lida por 12 meses. No 13\u00ba m\u00eas, o valor da fibra ser\u00e1 de R$ 99,90. Consulte condi\u00e7\u00f5es e regulamento no site brisanet.com.br Central de Privacidade 2025 Brisanet &#8211; Todos os direitos reservados","og_url":"https:\/\/www.brisanet.com.br\/ofertas-especiais\/fibra-solo-500mb-pago-25-usmedia\/","og_site_name":"Ofertas Especiais","article_modified_time":"2025-07-08T20:24:33+00:00","og_image":[{"width":400,"height":72,"url":"https:\/\/www.brisanet.com.br\/ofertas-especiais\/wp-content\/uploads\/2025\/03\/Logo-Brisa-Mobile-Trade.webp","type":"image\/webp"}],"twitter_card":"summary_large_image","schema":{"@context":"https:\/\/schema.org","@graph":[{"@type":"WebPage","@id":"https:\/\/www.brisanet.com.br\/ofertas-especiais\/fibra-solo-500mb-pago-25-usmedia\/","url":"https:\/\/www.brisanet.com.br\/ofertas-especiais\/fibra-solo-500mb-pago-25-usmedia\/","name":"Fibra 500MB - US - Ofertas Especiais","isPartOf":{"@id":"https:\/\/www.brisanet.com.br\/ofertas-especiais\/#website"},"primaryImageOfPage":{"@id":"https:\/\/www.brisanet.com.br\/ofertas-especiais\/fibra-solo-500mb-pago-25-usmedia\/#primaryimage"},"image":{"@id":"https:\/\/www.brisanet.com.br\/ofertas-especiais\/fibra-solo-500mb-pago-25-usmedia\/#primaryimage"},"thumbnailUrl":"https:\/\/www.brisanet.com.br\/ofertas-especiais\/wp-content\/uploads\/2025\/03\/Logo-Brisa-Mobile-Trade.webp","datePublished":"2025-06-20T18:44:17+00:00","dateModified":"2025-07-08T20:24:33+00:00","breadcrumb":{"@id":"https:\/\/www.brisanet.com.br\/ofertas-especiais\/fibra-solo-500mb-pago-25-usmedia\/#breadcrumb"},"inLanguage":"pt-BR","potentialAction":[{"@type":"ReadAction","target":["https:\/\/www.brisanet.com.br\/ofertas-especiais\/fibra-solo-500mb-pago-25-usmedia\/"]}]},{"@type":"ImageObject","inLanguage":"pt-BR","@id":"https:\/\/www.brisanet.com.br\/ofertas-especiais\/fibra-solo-500mb-pago-25-usmedia\/#primaryimage","url":"https:\/\/www.brisanet.com.br\/ofertas-especiais\/wp-content\/uploads\/2025\/03\/Logo-Brisa-Mobile-Trade.webp","contentUrl":"https:\/\/www.brisanet.com.br\/ofertas-especiais\/wp-content\/uploads\/2025\/03\/Logo-Brisa-Mobile-Trade.webp","width":400,"height":72},{"@type":"BreadcrumbList","@id":"https:\/\/www.brisanet.com.br\/ofertas-especiais\/fibra-solo-500mb-pago-25-usmedia\/#breadcrumb","itemListElement":[{"@type":"ListItem","position":1,"name":"In\u00edcio","item":"https:\/\/www.brisanet.com.br\/ofertas-especiais\/"},{"@type":"ListItem","position":2,"name":"Fibra 500MB &#8211; US"}]},{"@type":"WebSite","@id":"https:\/\/www.brisanet.com.br\/ofertas-especiais\/#website","url":"https:\/\/www.brisanet.com.br\/ofertas-especiais\/","name":"Ofertas Especiais","description":"","publisher":{"@id":"https:\/\/www.brisanet.com.br\/ofertas-especiais\/#organization"},"potentialAction":[{"@type":"SearchAction","target":{"@type":"EntryPoint","urlTemplate":"https:\/\/www.brisanet.com.br\/ofertas-especiais\/?s={search_term_string}"},"query-input":{"@type":"PropertyValueSpecification","valueRequired":true,"valueName":"search_term_string"}}],"inLanguage":"pt-BR"},{"@type":"Organization","@id":"https:\/\/www.brisanet.com.br\/ofertas-especiais\/#organization","name":"Ofertas Especiais","url":"https:\/\/www.brisanet.com.br\/ofertas-especiais\/","logo":{"@type":"ImageObject","inLanguage":"pt-BR","@id":"https:\/\/www.brisanet.com.br\/ofertas-especiais\/#\/schema\/logo\/image\/","url":"https:\/\/www.brisanet.com.br\/ofertas-especiais\/wp-content\/uploads\/2025\/02\/favicon-brisanet.webp","contentUrl":"https:\/\/www.brisanet.com.br\/ofertas-especiais\/wp-content\/uploads\/2025\/02\/favicon-brisanet.webp","width":512,"height":512,"caption":"Ofertas Especiais"},"image":{"@id":"https:\/\/www.brisanet.com.br\/ofertas-especiais\/#\/schema\/logo\/image\/"}}]}},"_links":{"self":[{"href":"https:\/\/www.brisanet.com.br\/ofertas-especiais\/wp-json\/wp\/v2\/pages\/1649","targetHints":{"allow":["GET"]}}],"collection":[{"href":"https:\/\/www.brisanet.com.br\/ofertas-especiais\/wp-json\/wp\/v2\/pages"}],"about":[{"href":"https:\/\/www.brisanet.com.br\/ofertas-especiais\/wp-json\/wp\/v2\/types\/page"}],"author":[{"embeddable":true,"href":"https:\/\/www.brisanet.com.br\/ofertas-especiais\/wp-json\/wp\/v2\/users\/2"}],"replies":[{"embeddable":true,"href":"https:\/\/www.brisanet.com.br\/ofertas-especiais\/wp-json\/wp\/v2\/comments?post=1649"}],"version-history":[{"count":10,"href":"https:\/\/www.brisanet.com.br\/ofertas-especiais\/wp-json\/wp\/v2\/pages\/1649\/revisions"}],"predecessor-version":[{"id":1966,"href":"https:\/\/www.brisanet.com.br\/ofertas-especiais\/wp-json\/wp\/v2\/pages\/1649\/revisions\/1966"}],"wp:attachment":[{"href":"https:\/\/www.brisanet.com.br\/ofertas-especiais\/wp-json\/wp\/v2\/media?parent=1649"}],"curies":[{"name":"wp","href":"https:\/\/api.w.org\/{rel}","templated":true}]}}