{"id":843,"date":"2025-03-26T18:32:35","date_gmt":"2025-03-26T21:32:35","guid":{"rendered":"https:\/\/www.brisanet.com.br\/ofertas-especiais\/?page_id=843"},"modified":"2025-04-02T15:40:13","modified_gmt":"2025-04-02T18:40:13","slug":"5g-solo-20gb-organico-25","status":"publish","type":"page","link":"https:\/\/www.brisanet.com.br\/ofertas-especiais\/5g-solo-20gb-organico-25\/","title":{"rendered":"5G Solo Org\u00e2nico 20GB"},"content":{"rendered":"\t\t<div data-elementor-type=\"wp-page\" data-elementor-id=\"843\" class=\"elementor elementor-843\" data-elementor-post-type=\"page\">\n\t\t\t\t<div class=\"elementor-element elementor-element-0274eb7 e-flex e-con-boxed wpr-particle-no wpr-jarallax-no wpr-parallax-no wpr-sticky-section-no e-con e-parent\" data-id=\"0274eb7\" data-element_type=\"container\" data-settings=\"{&quot;background_background&quot;:&quot;classic&quot;}\">\n\t\t\t\t\t<div class=\"e-con-inner\">\n\t\t<div class=\"elementor-element elementor-element-2d35344 e-con-full e-flex wpr-particle-no wpr-jarallax-no wpr-parallax-no wpr-sticky-section-no e-con e-child\" data-id=\"2d35344\" data-element_type=\"container\">\n\t\t\t\t<div class=\"elementor-element elementor-element-d0a22dd elementor-widget elementor-widget-image\" data-id=\"d0a22dd\" data-element_type=\"widget\" data-widget_type=\"image.default\">\n\t\t\t\t\t\t\t\t\t\t\t\t\t\t\t<img decoding=\"async\" width=\"500\" height=\"58\" src=\"https:\/\/www.brisanet.com.br\/ofertas-especiais\/wp-content\/uploads\/2025\/03\/Logo-Brisanet-4g-5g-2.webp\" class=\"attachment-full size-full wp-image-781\" alt=\"\" srcset=\"https:\/\/www.brisanet.com.br\/ofertas-especiais\/wp-content\/uploads\/2025\/03\/Logo-Brisanet-4g-5g-2.webp 500w, https:\/\/www.brisanet.com.br\/ofertas-especiais\/wp-content\/uploads\/2025\/03\/Logo-Brisanet-4g-5g-2-300x35.webp 300w\" sizes=\"(max-width: 500px) 100vw, 500px\" \/>\t\t\t\t\t\t\t\t\t\t\t\t\t\t\t<\/div>\n\t\t<div class=\"elementor-element elementor-element-77a5bc2 e-con-full e-flex wpr-particle-no wpr-jarallax-no wpr-parallax-no wpr-sticky-section-no e-con e-child\" data-id=\"77a5bc2\" data-element_type=\"container\">\n\t\t\t\t<div class=\"elementor-element elementor-element-707a3df elementor-align-center elementor-widget__width-inherit elementor-hidden-mobile elementor-widget elementor-widget-button\" data-id=\"707a3df\" data-element_type=\"widget\" data-widget_type=\"button.default\">\n\t\t\t\t\t\t\t\t\t\t<a class=\"elementor-button elementor-button-link elementor-size-sm\" href=\"https:\/\/wa.me\/558487868424?text=Ol%C3%A1!%20Tenho%20interesse%20na%20oferta.\">\n\t\t\t\t\t\t<span class=\"elementor-button-content-wrapper\">\n\t\t\t\t\t\t\t\t\t<span class=\"elementor-button-text\">Assine pelo Whats<\/span>\n\t\t\t\t\t<\/span>\n\t\t\t\t\t<\/a>\n\t\t\t\t\t\t\t\t<\/div>\n\t\t\t\t<\/div>\n\t\t\t\t<\/div>\n\t\t<div class=\"elementor-element elementor-element-268ae40 e-con-full e-flex wpr-particle-no wpr-jarallax-no wpr-parallax-no wpr-sticky-section-no e-con e-child\" data-id=\"268ae40\" data-element_type=\"container\">\n\t\t\t\t<div class=\"elementor-element elementor-element-853de4c elementor-widget elementor-widget-image\" data-id=\"853de4c\" data-element_type=\"widget\" data-widget_type=\"image.default\">\n\t\t\t\t\t\t\t\t\t\t\t\t\t\t\t\t<a href=\"https:\/\/wa.me\/558487868424?text=Ol%C3%A1!%20Tenho%20interesse%20na%20oferta.\">\n\t\t\t\t\t\t\t<img fetchpriority=\"high\" decoding=\"async\" width=\"808\" height=\"872\" src=\"https:\/\/www.brisanet.com.br\/ofertas-especiais\/wp-content\/uploads\/2025\/03\/20-GB-de-5G-por-29-e-99.webp\" class=\"attachment-large size-large wp-image-820\" alt=\"Oferta 20 GB de 5G por 29 e 99\" srcset=\"https:\/\/www.brisanet.com.br\/ofertas-especiais\/wp-content\/uploads\/2025\/03\/20-GB-de-5G-por-29-e-99.webp 808w, https:\/\/www.brisanet.com.br\/ofertas-especiais\/wp-content\/uploads\/2025\/03\/20-GB-de-5G-por-29-e-99-278x300.webp 278w, https:\/\/www.brisanet.com.br\/ofertas-especiais\/wp-content\/uploads\/2025\/03\/20-GB-de-5G-por-29-e-99-768x829.webp 768w\" sizes=\"(max-width: 808px) 100vw, 808px\" \/>\t\t\t\t\t\t\t\t<\/a>\n\t\t\t\t\t\t\t\t\t\t\t\t\t\t\t<\/div>\n\t\t\t\t<div class=\"elementor-element elementor-element-00f9eec elementor-align-center elementor-widget__width-inherit elementor-hidden-desktop elementor-hidden-tablet elementor-widget elementor-widget-button\" data-id=\"00f9eec\" data-element_type=\"widget\" data-widget_type=\"button.default\">\n\t\t\t\t\t\t\t\t\t\t<a class=\"elementor-button elementor-button-link elementor-size-sm\" href=\"https:\/\/wa.me\/558487868424?text=Ol%C3%A1!%20Tenho%20interesse%20na%20oferta.\">\n\t\t\t\t\t\t<span class=\"elementor-button-content-wrapper\">\n\t\t\t\t\t\t\t\t\t<span class=\"elementor-button-text\">Assine pelo Whats<\/span>\n\t\t\t\t\t<\/span>\n\t\t\t\t\t<\/a>\n\t\t\t\t\t\t\t\t<\/div>\n\t\t\t\t<div class=\"elementor-element elementor-element-5275d81 elementor-align-center elementor-widget__width-inherit elementor-hidden-desktop elementor-hidden-tablet elementor-widget elementor-widget-button\" data-id=\"5275d81\" data-element_type=\"widget\" data-widget_type=\"button.default\">\n\t\t\t\t\t\t\t\t\t\t<a class=\"elementor-button elementor-button-link elementor-size-sm\" href=\"tel:08002873020\">\n\t\t\t\t\t\t<span class=\"elementor-button-content-wrapper\">\n\t\t\t\t\t\t\t\t\t<span class=\"elementor-button-text\">0800 287 3020<\/span>\n\t\t\t\t\t<\/span>\n\t\t\t\t\t<\/a>\n\t\t\t\t\t\t\t\t<\/div>\n\t\t\t\t<\/div>\n\t\t\t\t\t<\/div>\n\t\t\t\t<\/div>\n\t\t<div class=\"elementor-element elementor-element-a4c03c3 e-flex e-con-boxed wpr-particle-no wpr-jarallax-no wpr-parallax-no wpr-sticky-section-no e-con e-parent\" data-id=\"a4c03c3\" data-element_type=\"container\" data-settings=\"{&quot;background_background&quot;:&quot;classic&quot;}\">\n\t\t\t\t\t<div class=\"e-con-inner\">\n\t\t<div class=\"elementor-element elementor-element-bc8ed98 e-con-full e-flex wpr-particle-no wpr-jarallax-no wpr-parallax-no wpr-sticky-section-no e-con e-child\" data-id=\"bc8ed98\" data-element_type=\"container\">\n\t\t\t\t<div class=\"elementor-element elementor-element-a3b1ff7 elementor-widget elementor-widget-heading\" data-id=\"a3b1ff7\" data-element_type=\"widget\" data-widget_type=\"heading.default\">\n\t\t\t\t\t<p class=\"elementor-heading-title elementor-size-default\"><b>Nossos canais de atendimento<\/b><\/p>\t\t\t\t<\/div>\n\t\t\t\t<div class=\"elementor-element elementor-element-90f7ece elementor-widget elementor-widget-heading\" data-id=\"90f7ece\" data-element_type=\"widget\" data-widget_type=\"heading.default\">\n\t\t\t\t\t<p class=\"elementor-heading-title elementor-size-default\">Esses s\u00e3o nossos canais de telefone. Se preferir, tamb\u00e9m ligamos para voc\u00ea! \n \nSAC 10517 \n\nOUVIDORIA 10517<\/p>\t\t\t\t<\/div>\n\t\t\t\t<div class=\"elementor-element elementor-element-4942948 elementor-widget elementor-widget-heading\" data-id=\"4942948\" data-element_type=\"widget\" data-widget_type=\"heading.default\">\n\t\t\t\t\t<p class=\"elementor-heading-title elementor-size-default\">\n\nOferta v\u00e1lida de 01\/04\/2025 a 31\/05\/2025. A utiliza\u00e7\u00e3o da rede m\u00f3vel da Brisanet requer que o dispositivo seja compat\u00edvel com sua rede, bem como a libera\u00e7\u00e3o e homologa\u00e7\u00e3o do aparelho pelo fabricante. O uso da tecnologia 5G (quinta gera\u00e7\u00e3o das redes m\u00f3veis) est\u00e1 condicionada \u00e0 compatibilidade do aparelho celular com a tecnologia. Oferta Brisachip p\u00f3s-pago com 20GB de internet no plano e 2GB de roaming. Use WhatsApp*, Waze e Facebook sem descontar da sua franquia de dados.*WhatsApp n\u00e3o inclui chamadas de voz e v\u00eddeo. O servi\u00e7o Aya Audiobook est\u00e1 incluso na oferta. Fale \u00e0 vontade com n\u00fameros m\u00f3veis de qualquer operadora do Brasil. Envie SMS \u00e0 vontade para n\u00fameros de qualquer operadora do Brasil. Confira a viabilidade e disponibilidade das ofertas para sua regi\u00e3o. A oferta est\u00e1 sujeita a analise de credito. Consulte mais informa\u00e7\u00f5es, condi\u00e7\u00f5es e o regulamento no site brisanet.com.br.\n\n\n<\/p>\t\t\t\t<\/div>\n\t\t\t\t<\/div>\n\t\t\t\t\t<\/div>\n\t\t\t\t<\/div>\n\t\t<div class=\"elementor-element elementor-element-0206fed e-flex e-con-boxed wpr-particle-no wpr-jarallax-no wpr-parallax-no wpr-sticky-section-no e-con e-parent\" data-id=\"0206fed\" data-element_type=\"container\" data-settings=\"{&quot;background_background&quot;:&quot;classic&quot;}\">\n\t\t\t\t\t<div class=\"e-con-inner\">\n\t\t<div class=\"elementor-element elementor-element-c075f76 e-con-full e-flex wpr-particle-no wpr-jarallax-no wpr-parallax-no wpr-sticky-section-no e-con e-child\" data-id=\"c075f76\" data-element_type=\"container\">\n\t\t\t\t<div class=\"elementor-element elementor-element-03e497e elementor-widget elementor-widget-image\" data-id=\"03e497e\" data-element_type=\"widget\" data-widget_type=\"image.default\">\n\t\t\t\t\t\t\t\t\t\t\t\t\t\t\t<img decoding=\"async\" width=\"1024\" height=\"188\" src=\"https:\/\/www.brisanet.com.br\/ofertas-especiais\/wp-content\/uploads\/2025\/02\/Logo-da-brisanet-1024x188.png\" class=\"attachment-large size-large wp-image-247\" alt=\"\" srcset=\"https:\/\/www.brisanet.com.br\/ofertas-especiais\/wp-content\/uploads\/2025\/02\/Logo-da-brisanet-1024x188.png 1024w, https:\/\/www.brisanet.com.br\/ofertas-especiais\/wp-content\/uploads\/2025\/02\/Logo-da-brisanet-300x55.png 300w, https:\/\/www.brisanet.com.br\/ofertas-especiais\/wp-content\/uploads\/2025\/02\/Logo-da-brisanet-768x141.png 768w, https:\/\/www.brisanet.com.br\/ofertas-especiais\/wp-content\/uploads\/2025\/02\/Logo-da-brisanet-1536x281.png 1536w, https:\/\/www.brisanet.com.br\/ofertas-especiais\/wp-content\/uploads\/2025\/02\/Logo-da-brisanet.png 1845w\" sizes=\"(max-width: 1024px) 100vw, 1024px\" \/>\t\t\t\t\t\t\t\t\t\t\t\t\t\t\t<\/div>\n\t\t\t\t<\/div>\n\t\t<div class=\"elementor-element elementor-element-e828904 e-con-full e-flex wpr-particle-no wpr-jarallax-no wpr-parallax-no wpr-sticky-section-no e-con e-child\" data-id=\"e828904\" data-element_type=\"container\">\n\t\t\t\t<div class=\"elementor-element elementor-element-699ab1b elementor-widget elementor-widget-image\" data-id=\"699ab1b\" data-element_type=\"widget\" data-widget_type=\"image.default\">\n\t\t\t\t\t\t\t\t\t\t\t\t\t\t\t<img loading=\"lazy\" decoding=\"async\" width=\"64\" height=\"64\" src=\"https:\/\/www.brisanet.com.br\/ofertas-especiais\/wp-content\/uploads\/2025\/02\/m84zlfme7d.png\" class=\"attachment-large size-large wp-image-339\" alt=\"\" \/>\t\t\t\t\t\t\t\t\t\t\t\t\t\t\t<\/div>\n\t\t\t\t<div class=\"elementor-element elementor-element-9e9dcc9 elementor-widget elementor-widget-image\" data-id=\"9e9dcc9\" data-element_type=\"widget\" data-widget_type=\"image.default\">\n\t\t\t\t\t\t\t\t\t\t\t\t\t\t\t<img loading=\"lazy\" decoding=\"async\" width=\"64\" height=\"64\" src=\"https:\/\/www.brisanet.com.br\/ofertas-especiais\/wp-content\/uploads\/2025\/02\/mh6o83n64k.png\" class=\"attachment-large size-large wp-image-338\" alt=\"\" \/>\t\t\t\t\t\t\t\t\t\t\t\t\t\t\t<\/div>\n\t\t\t\t<\/div>\n\t\t<div class=\"elementor-element elementor-element-19e1eda e-con-full e-flex wpr-particle-no wpr-jarallax-no wpr-parallax-no wpr-sticky-section-no e-con e-child\" data-id=\"19e1eda\" data-element_type=\"container\">\n\t\t\t\t<div class=\"elementor-element elementor-element-0d56f3e elementor-widget elementor-widget-text-editor\" data-id=\"0d56f3e\" data-element_type=\"widget\" data-widget_type=\"text-editor.default\">\n\t\t\t\t\t\t\t\t\t<p><u><\/u><a title=\"null\" href=\"https:\/\/www.brisanet.com.br\/centro-de-privacidade?_gl=1*km1lnr*_ga*NDM0MjE0NjYzLjE2NDYyMzI2Mjc.*_ga_88SZEB9ST6*MTY4NDAxNjgzMC4xNTMuMC4xNjg0MDE2ODMwLjYwLjAuMA..\" target=\"null\" rel=\"noopener noreferrer\"><u>Central de Privacidade<\/u><\/a><\/p><p>2025 Brisanet &#8211; Todos os direitos reservados<\/p>\t\t\t\t\t\t\t\t<\/div>\n\t\t\t\t<\/div>\n\t\t\t\t\t<\/div>\n\t\t\t\t<\/div>\n\t\t\t\t<\/div>\n\t\t","protected":false},"excerpt":{"rendered":"<p>Assine pelo Whats Assine pelo Whats 0800 287 3020 Nossos canais de atendimento Esses s\u00e3o nossos canais de telefone. Se preferir, tamb\u00e9m ligamos para voc\u00ea! SAC 10517 OUVIDORIA 10517 Oferta v\u00e1lida de 01\/04\/2025 a 31\/05\/2025. A utiliza\u00e7\u00e3o da rede m\u00f3vel da Brisanet requer que o dispositivo seja compat\u00edvel com sua rede, bem como a libera\u00e7\u00e3o e homologa\u00e7\u00e3o do aparelho pelo fabricante. O uso da tecnologia 5G (quinta gera\u00e7\u00e3o das redes m\u00f3veis) est\u00e1 condicionada \u00e0 compatibilidade do aparelho celular com a tecnologia. Oferta Brisachip p\u00f3s-pago com 20GB de internet no plano e 2GB de roaming. Use WhatsApp*, Waze e Facebook sem descontar da sua franquia de dados.*WhatsApp n\u00e3o inclui chamadas de voz e v\u00eddeo. O servi\u00e7o Aya Audiobook est\u00e1 incluso na oferta. Fale \u00e0 vontade com n\u00fameros m\u00f3veis de qualquer operadora do Brasil. Envie SMS \u00e0 vontade para n\u00fameros de qualquer operadora do Brasil. Confira a viabilidade e disponibilidade das ofertas para sua regi\u00e3o. A oferta est\u00e1 sujeita a analise de credito. Consulte mais informa\u00e7\u00f5es, condi\u00e7\u00f5es e o regulamento no site brisanet.com.br. Central de Privacidade 2025 Brisanet &#8211; Todos os direitos reservados<\/p>\n","protected":false},"author":2,"featured_media":0,"parent":0,"menu_order":0,"comment_status":"closed","ping_status":"closed","template":"elementor_canvas","meta":{"_eb_attr":"","om_disable_all_campaigns":false,"footnotes":""},"class_list":["post-843","page","type-page","status-publish","hentry"],"yoast_head":"<!-- This site is optimized with the Yoast SEO plugin v24.5 - https:\/\/yoast.com\/wordpress\/plugins\/seo\/ -->\n<title>5G Solo Org\u00e2nico 20GB - Ofertas Especiais<\/title>\n<meta name=\"robots\" content=\"index, follow, max-snippet:-1, max-image-preview:large, max-video-preview:-1\" \/>\n<link rel=\"canonical\" href=\"https:\/\/www.brisanet.com.br\/ofertas-especiais\/5g-solo-20gb-organico-25\/\" \/>\n<meta property=\"og:locale\" content=\"pt_BR\" \/>\n<meta property=\"og:type\" content=\"article\" \/>\n<meta property=\"og:title\" content=\"5G Solo Org\u00e2nico 20GB - Ofertas Especiais\" \/>\n<meta property=\"og:description\" content=\"Assine pelo Whats Assine pelo Whats 0800 287 3020 Nossos canais de atendimento Esses s\u00e3o nossos canais de telefone. Se preferir, tamb\u00e9m ligamos para voc\u00ea! SAC 10517 OUVIDORIA 10517 Oferta v\u00e1lida de 01\/04\/2025 a 31\/05\/2025. A utiliza\u00e7\u00e3o da rede m\u00f3vel da Brisanet requer que o dispositivo seja compat\u00edvel com sua rede, bem como a libera\u00e7\u00e3o e homologa\u00e7\u00e3o do aparelho pelo fabricante. O uso da tecnologia 5G (quinta gera\u00e7\u00e3o das redes m\u00f3veis) est\u00e1 condicionada \u00e0 compatibilidade do aparelho celular com a tecnologia. Oferta Brisachip p\u00f3s-pago com 20GB de internet no plano e 2GB de roaming. Use WhatsApp*, Waze e Facebook sem descontar da sua franquia de dados.*WhatsApp n\u00e3o inclui chamadas de voz e v\u00eddeo. O servi\u00e7o Aya Audiobook est\u00e1 incluso na oferta. Fale \u00e0 vontade com n\u00fameros m\u00f3veis de qualquer operadora do Brasil. Envie SMS \u00e0 vontade para n\u00fameros de qualquer operadora do Brasil. Confira a viabilidade e disponibilidade das ofertas para sua regi\u00e3o. A oferta est\u00e1 sujeita a analise de credito. Consulte mais informa\u00e7\u00f5es, condi\u00e7\u00f5es e o regulamento no site brisanet.com.br. Central de Privacidade 2025 Brisanet &#8211; Todos os direitos reservados\" \/>\n<meta property=\"og:url\" content=\"https:\/\/www.brisanet.com.br\/ofertas-especiais\/5g-solo-20gb-organico-25\/\" \/>\n<meta property=\"og:site_name\" content=\"Ofertas Especiais\" \/>\n<meta property=\"article:modified_time\" content=\"2025-04-02T18:40:13+00:00\" \/>\n<meta property=\"og:image\" content=\"https:\/\/www.brisanet.com.br\/ofertas-especiais\/wp-content\/uploads\/2025\/03\/Logo-Brisanet-4g-5g-2.webp\" \/>\n\t<meta property=\"og:image:width\" content=\"500\" \/>\n\t<meta property=\"og:image:height\" content=\"58\" \/>\n\t<meta property=\"og:image:type\" content=\"image\/webp\" \/>\n<meta name=\"twitter:card\" content=\"summary_large_image\" \/>\n<script type=\"application\/ld+json\" class=\"yoast-schema-graph\">{\"@context\":\"https:\/\/schema.org\",\"@graph\":[{\"@type\":\"WebPage\",\"@id\":\"https:\/\/www.brisanet.com.br\/ofertas-especiais\/5g-solo-20gb-organico-25\/\",\"url\":\"https:\/\/www.brisanet.com.br\/ofertas-especiais\/5g-solo-20gb-organico-25\/\",\"name\":\"5G Solo Org\u00e2nico 20GB - Ofertas Especiais\",\"isPartOf\":{\"@id\":\"https:\/\/www.brisanet.com.br\/ofertas-especiais\/#website\"},\"primaryImageOfPage\":{\"@id\":\"https:\/\/www.brisanet.com.br\/ofertas-especiais\/5g-solo-20gb-organico-25\/#primaryimage\"},\"image\":{\"@id\":\"https:\/\/www.brisanet.com.br\/ofertas-especiais\/5g-solo-20gb-organico-25\/#primaryimage\"},\"thumbnailUrl\":\"https:\/\/www.brisanet.com.br\/ofertas-especiais\/wp-content\/uploads\/2025\/03\/Logo-Brisanet-4g-5g-2.webp\",\"datePublished\":\"2025-03-26T21:32:35+00:00\",\"dateModified\":\"2025-04-02T18:40:13+00:00\",\"breadcrumb\":{\"@id\":\"https:\/\/www.brisanet.com.br\/ofertas-especiais\/5g-solo-20gb-organico-25\/#breadcrumb\"},\"inLanguage\":\"pt-BR\",\"potentialAction\":[{\"@type\":\"ReadAction\",\"target\":[\"https:\/\/www.brisanet.com.br\/ofertas-especiais\/5g-solo-20gb-organico-25\/\"]}]},{\"@type\":\"ImageObject\",\"inLanguage\":\"pt-BR\",\"@id\":\"https:\/\/www.brisanet.com.br\/ofertas-especiais\/5g-solo-20gb-organico-25\/#primaryimage\",\"url\":\"https:\/\/www.brisanet.com.br\/ofertas-especiais\/wp-content\/uploads\/2025\/03\/Logo-Brisanet-4g-5g-2.webp\",\"contentUrl\":\"https:\/\/www.brisanet.com.br\/ofertas-especiais\/wp-content\/uploads\/2025\/03\/Logo-Brisanet-4g-5g-2.webp\",\"width\":500,\"height\":58},{\"@type\":\"BreadcrumbList\",\"@id\":\"https:\/\/www.brisanet.com.br\/ofertas-especiais\/5g-solo-20gb-organico-25\/#breadcrumb\",\"itemListElement\":[{\"@type\":\"ListItem\",\"position\":1,\"name\":\"In\u00edcio\",\"item\":\"https:\/\/www.brisanet.com.br\/ofertas-especiais\/\"},{\"@type\":\"ListItem\",\"position\":2,\"name\":\"5G Solo Org\u00e2nico 20GB\"}]},{\"@type\":\"WebSite\",\"@id\":\"https:\/\/www.brisanet.com.br\/ofertas-especiais\/#website\",\"url\":\"https:\/\/www.brisanet.com.br\/ofertas-especiais\/\",\"name\":\"Ofertas Especiais\",\"description\":\"\",\"publisher\":{\"@id\":\"https:\/\/www.brisanet.com.br\/ofertas-especiais\/#organization\"},\"potentialAction\":[{\"@type\":\"SearchAction\",\"target\":{\"@type\":\"EntryPoint\",\"urlTemplate\":\"https:\/\/www.brisanet.com.br\/ofertas-especiais\/?s={search_term_string}\"},\"query-input\":{\"@type\":\"PropertyValueSpecification\",\"valueRequired\":true,\"valueName\":\"search_term_string\"}}],\"inLanguage\":\"pt-BR\"},{\"@type\":\"Organization\",\"@id\":\"https:\/\/www.brisanet.com.br\/ofertas-especiais\/#organization\",\"name\":\"Ofertas Especiais\",\"url\":\"https:\/\/www.brisanet.com.br\/ofertas-especiais\/\",\"logo\":{\"@type\":\"ImageObject\",\"inLanguage\":\"pt-BR\",\"@id\":\"https:\/\/www.brisanet.com.br\/ofertas-especiais\/#\/schema\/logo\/image\/\",\"url\":\"https:\/\/www.brisanet.com.br\/ofertas-especiais\/wp-content\/uploads\/2025\/02\/favicon-brisanet.webp\",\"contentUrl\":\"https:\/\/www.brisanet.com.br\/ofertas-especiais\/wp-content\/uploads\/2025\/02\/favicon-brisanet.webp\",\"width\":512,\"height\":512,\"caption\":\"Ofertas Especiais\"},\"image\":{\"@id\":\"https:\/\/www.brisanet.com.br\/ofertas-especiais\/#\/schema\/logo\/image\/\"}}]}<\/script>\n<!-- \/ Yoast SEO plugin. -->","yoast_head_json":{"title":"5G Solo Org\u00e2nico 20GB - Ofertas Especiais","robots":{"index":"index","follow":"follow","max-snippet":"max-snippet:-1","max-image-preview":"max-image-preview:large","max-video-preview":"max-video-preview:-1"},"canonical":"https:\/\/www.brisanet.com.br\/ofertas-especiais\/5g-solo-20gb-organico-25\/","og_locale":"pt_BR","og_type":"article","og_title":"5G Solo Org\u00e2nico 20GB - Ofertas Especiais","og_description":"Assine pelo Whats Assine pelo Whats 0800 287 3020 Nossos canais de atendimento Esses s\u00e3o nossos canais de telefone. Se preferir, tamb\u00e9m ligamos para voc\u00ea! SAC 10517 OUVIDORIA 10517 Oferta v\u00e1lida de 01\/04\/2025 a 31\/05\/2025. A utiliza\u00e7\u00e3o da rede m\u00f3vel da Brisanet requer que o dispositivo seja compat\u00edvel com sua rede, bem como a libera\u00e7\u00e3o e homologa\u00e7\u00e3o do aparelho pelo fabricante. O uso da tecnologia 5G (quinta gera\u00e7\u00e3o das redes m\u00f3veis) est\u00e1 condicionada \u00e0 compatibilidade do aparelho celular com a tecnologia. Oferta Brisachip p\u00f3s-pago com 20GB de internet no plano e 2GB de roaming. Use WhatsApp*, Waze e Facebook sem descontar da sua franquia de dados.*WhatsApp n\u00e3o inclui chamadas de voz e v\u00eddeo. O servi\u00e7o Aya Audiobook est\u00e1 incluso na oferta. Fale \u00e0 vontade com n\u00fameros m\u00f3veis de qualquer operadora do Brasil. Envie SMS \u00e0 vontade para n\u00fameros de qualquer operadora do Brasil. Confira a viabilidade e disponibilidade das ofertas para sua regi\u00e3o. A oferta est\u00e1 sujeita a analise de credito. Consulte mais informa\u00e7\u00f5es, condi\u00e7\u00f5es e o regulamento no site brisanet.com.br. Central de Privacidade 2025 Brisanet &#8211; Todos os direitos reservados","og_url":"https:\/\/www.brisanet.com.br\/ofertas-especiais\/5g-solo-20gb-organico-25\/","og_site_name":"Ofertas Especiais","article_modified_time":"2025-04-02T18:40:13+00:00","og_image":[{"width":500,"height":58,"url":"https:\/\/www.brisanet.com.br\/ofertas-especiais\/wp-content\/uploads\/2025\/03\/Logo-Brisanet-4g-5g-2.webp","type":"image\/webp"}],"twitter_card":"summary_large_image","schema":{"@context":"https:\/\/schema.org","@graph":[{"@type":"WebPage","@id":"https:\/\/www.brisanet.com.br\/ofertas-especiais\/5g-solo-20gb-organico-25\/","url":"https:\/\/www.brisanet.com.br\/ofertas-especiais\/5g-solo-20gb-organico-25\/","name":"5G Solo Org\u00e2nico 20GB - Ofertas Especiais","isPartOf":{"@id":"https:\/\/www.brisanet.com.br\/ofertas-especiais\/#website"},"primaryImageOfPage":{"@id":"https:\/\/www.brisanet.com.br\/ofertas-especiais\/5g-solo-20gb-organico-25\/#primaryimage"},"image":{"@id":"https:\/\/www.brisanet.com.br\/ofertas-especiais\/5g-solo-20gb-organico-25\/#primaryimage"},"thumbnailUrl":"https:\/\/www.brisanet.com.br\/ofertas-especiais\/wp-content\/uploads\/2025\/03\/Logo-Brisanet-4g-5g-2.webp","datePublished":"2025-03-26T21:32:35+00:00","dateModified":"2025-04-02T18:40:13+00:00","breadcrumb":{"@id":"https:\/\/www.brisanet.com.br\/ofertas-especiais\/5g-solo-20gb-organico-25\/#breadcrumb"},"inLanguage":"pt-BR","potentialAction":[{"@type":"ReadAction","target":["https:\/\/www.brisanet.com.br\/ofertas-especiais\/5g-solo-20gb-organico-25\/"]}]},{"@type":"ImageObject","inLanguage":"pt-BR","@id":"https:\/\/www.brisanet.com.br\/ofertas-especiais\/5g-solo-20gb-organico-25\/#primaryimage","url":"https:\/\/www.brisanet.com.br\/ofertas-especiais\/wp-content\/uploads\/2025\/03\/Logo-Brisanet-4g-5g-2.webp","contentUrl":"https:\/\/www.brisanet.com.br\/ofertas-especiais\/wp-content\/uploads\/2025\/03\/Logo-Brisanet-4g-5g-2.webp","width":500,"height":58},{"@type":"BreadcrumbList","@id":"https:\/\/www.brisanet.com.br\/ofertas-especiais\/5g-solo-20gb-organico-25\/#breadcrumb","itemListElement":[{"@type":"ListItem","position":1,"name":"In\u00edcio","item":"https:\/\/www.brisanet.com.br\/ofertas-especiais\/"},{"@type":"ListItem","position":2,"name":"5G Solo Org\u00e2nico 20GB"}]},{"@type":"WebSite","@id":"https:\/\/www.brisanet.com.br\/ofertas-especiais\/#website","url":"https:\/\/www.brisanet.com.br\/ofertas-especiais\/","name":"Ofertas Especiais","description":"","publisher":{"@id":"https:\/\/www.brisanet.com.br\/ofertas-especiais\/#organization"},"potentialAction":[{"@type":"SearchAction","target":{"@type":"EntryPoint","urlTemplate":"https:\/\/www.brisanet.com.br\/ofertas-especiais\/?s={search_term_string}"},"query-input":{"@type":"PropertyValueSpecification","valueRequired":true,"valueName":"search_term_string"}}],"inLanguage":"pt-BR"},{"@type":"Organization","@id":"https:\/\/www.brisanet.com.br\/ofertas-especiais\/#organization","name":"Ofertas Especiais","url":"https:\/\/www.brisanet.com.br\/ofertas-especiais\/","logo":{"@type":"ImageObject","inLanguage":"pt-BR","@id":"https:\/\/www.brisanet.com.br\/ofertas-especiais\/#\/schema\/logo\/image\/","url":"https:\/\/www.brisanet.com.br\/ofertas-especiais\/wp-content\/uploads\/2025\/02\/favicon-brisanet.webp","contentUrl":"https:\/\/www.brisanet.com.br\/ofertas-especiais\/wp-content\/uploads\/2025\/02\/favicon-brisanet.webp","width":512,"height":512,"caption":"Ofertas Especiais"},"image":{"@id":"https:\/\/www.brisanet.com.br\/ofertas-especiais\/#\/schema\/logo\/image\/"}}]}},"_links":{"self":[{"href":"https:\/\/www.brisanet.com.br\/ofertas-especiais\/wp-json\/wp\/v2\/pages\/843","targetHints":{"allow":["GET"]}}],"collection":[{"href":"https:\/\/www.brisanet.com.br\/ofertas-especiais\/wp-json\/wp\/v2\/pages"}],"about":[{"href":"https:\/\/www.brisanet.com.br\/ofertas-especiais\/wp-json\/wp\/v2\/types\/page"}],"author":[{"embeddable":true,"href":"https:\/\/www.brisanet.com.br\/ofertas-especiais\/wp-json\/wp\/v2\/users\/2"}],"replies":[{"embeddable":true,"href":"https:\/\/www.brisanet.com.br\/ofertas-especiais\/wp-json\/wp\/v2\/comments?post=843"}],"version-history":[{"count":32,"href":"https:\/\/www.brisanet.com.br\/ofertas-especiais\/wp-json\/wp\/v2\/pages\/843\/revisions"}],"predecessor-version":[{"id":1050,"href":"https:\/\/www.brisanet.com.br\/ofertas-especiais\/wp-json\/wp\/v2\/pages\/843\/revisions\/1050"}],"wp:attachment":[{"href":"https:\/\/www.brisanet.com.br\/ofertas-especiais\/wp-json\/wp\/v2\/media?parent=843"}],"curies":[{"name":"wp","href":"https:\/\/api.w.org\/{rel}","templated":true}]}}